{"id":434,"date":"2025-02-26T12:52:17","date_gmt":"2025-02-26T12:52:17","guid":{"rendered":"https:\/\/netlabel.pl\/?page_id=434"},"modified":"2025-02-26T12:52:21","modified_gmt":"2025-02-26T12:52:21","slug":"nasi-pisarze","status":"publish","type":"page","link":"https:\/\/netlabel.pl\/ro\/nasi-pisarze\/","title":{"rendered":"Scriitorii no\u0219tri"},"content":{"rendered":"","protected":false},"excerpt":{"rendered":"","protected":false},"author":1,"featured_media":0,"parent":0,"menu_order":0,"comment_status":"closed","ping_status":"closed","template":"","meta":{"_acf_changed":false,"footnotes":""},"class_list":["post-434","page","type-page","status-publish","hentry"],"acf":[],"yoast_head":"<!-- This site is optimized with the Yoast SEO plugin v23.2 - https:\/\/yoast.com\/wordpress\/plugins\/seo\/ -->\n<title>Nasi pisarze - Gacie Poland<\/title>\n<meta name=\"description\" content=\"Poznaj autor\u00f3w, kt\u00f3rzy dziel\u0105 si\u0119 wiedz\u0105 o modzie, trendach i inspiracjach, by pom\u00f3c Ci tworzy\u0107 wyj\u0105tkowe stylizacje!\" \/>\n<meta name=\"robots\" content=\"index, follow, max-snippet:-1, max-image-preview:large, max-video-preview:-1\" \/>\n<link rel=\"canonical\" href=\"https:\/\/netlabel.pl\/ro\/nasi-pisarze\/\" \/>\n<meta property=\"og:locale\" content=\"ro_RO\" \/>\n<meta property=\"og:type\" content=\"article\" \/>\n<meta property=\"og:title\" content=\"Nasi pisarze - Gacie Poland\" \/>\n<meta property=\"og:description\" content=\"Poznaj autor\u00f3w, kt\u00f3rzy dziel\u0105 si\u0119 wiedz\u0105 o modzie, trendach i inspiracjach, by pom\u00f3c Ci tworzy\u0107 wyj\u0105tkowe stylizacje!\" \/>\n<meta property=\"og:url\" content=\"https:\/\/netlabel.pl\/ro\/nasi-pisarze\/\" \/>\n<meta property=\"og:site_name\" content=\"Gacie Poland\" \/>\n<meta property=\"article:modified_time\" content=\"2025-02-26T12:52:21+00:00\" \/>\n<meta name=\"twitter:card\" content=\"summary_large_image\" \/>\n<meta name=\"twitter:label1\" content=\"Timp estimat pentru citire\" \/>\n\t<meta name=\"twitter:data1\" content=\"1 minut\" \/>\n<script type=\"application\/ld+json\" class=\"yoast-schema-graph\">{\"@context\":\"https:\/\/schema.org\",\"@graph\":[{\"@type\":\"WebPage\",\"@id\":\"https:\/\/netlabel.pl\/nasi-pisarze\/\",\"url\":\"https:\/\/netlabel.pl\/nasi-pisarze\/\",\"name\":\"Nasi pisarze - Gacie Poland\",\"isPartOf\":{\"@id\":\"https:\/\/netlabel.pl\/#website\"},\"datePublished\":\"2025-02-26T12:52:17+00:00\",\"dateModified\":\"2025-02-26T12:52:21+00:00\",\"description\":\"Poznaj autor\u00f3w, kt\u00f3rzy dziel\u0105 si\u0119 wiedz\u0105 o modzie, trendach i inspiracjach, by pom\u00f3c Ci tworzy\u0107 wyj\u0105tkowe stylizacje!\",\"breadcrumb\":{\"@id\":\"https:\/\/netlabel.pl\/nasi-pisarze\/#breadcrumb\"},\"inLanguage\":\"ro-RO\",\"potentialAction\":[{\"@type\":\"ReadAction\",\"target\":[\"https:\/\/netlabel.pl\/nasi-pisarze\/\"]}]},{\"@type\":\"BreadcrumbList\",\"@id\":\"https:\/\/netlabel.pl\/nasi-pisarze\/#breadcrumb\",\"itemListElement\":[{\"@type\":\"ListItem\",\"position\":1,\"name\":\"Home\",\"item\":\"https:\/\/netlabel.pl\/\"},{\"@type\":\"ListItem\",\"position\":2,\"name\":\"Nasi pisarze\"}]},{\"@type\":\"WebSite\",\"@id\":\"https:\/\/netlabel.pl\/#website\",\"url\":\"https:\/\/netlabel.pl\/\",\"name\":\"Gacie Poland\",\"description\":\"Wilcze gacie \u2013 styl i wygoda ka\u017cdego dnia!\",\"potentialAction\":[{\"@type\":\"SearchAction\",\"target\":{\"@type\":\"EntryPoint\",\"urlTemplate\":\"https:\/\/netlabel.pl\/?s={search_term_string}\"},\"query-input\":\"required name=search_term_string\"}],\"inLanguage\":\"ro-RO\"}]}<\/script>\n<!-- \/ Yoast SEO plugin. -->","yoast_head_json":{"title":"Nasi pisarze - Gacie Poland","description":"Poznaj autor\u00f3w, kt\u00f3rzy dziel\u0105 si\u0119 wiedz\u0105 o modzie, trendach i inspiracjach, by pom\u00f3c Ci tworzy\u0107 wyj\u0105tkowe stylizacje!","robots":{"index":"index","follow":"follow","max-snippet":"max-snippet:-1","max-image-preview":"max-image-preview:large","max-video-preview":"max-video-preview:-1"},"canonical":"https:\/\/netlabel.pl\/ro\/nasi-pisarze\/","og_locale":"ro_RO","og_type":"article","og_title":"Nasi pisarze - Gacie Poland","og_description":"Poznaj autor\u00f3w, kt\u00f3rzy dziel\u0105 si\u0119 wiedz\u0105 o modzie, trendach i inspiracjach, by pom\u00f3c Ci tworzy\u0107 wyj\u0105tkowe stylizacje!","og_url":"https:\/\/netlabel.pl\/ro\/nasi-pisarze\/","og_site_name":"Gacie Poland","article_modified_time":"2025-02-26T12:52:21+00:00","twitter_card":"summary_large_image","twitter_misc":{"Timp estimat pentru citire":"1 minut"},"schema":{"@context":"https:\/\/schema.org","@graph":[{"@type":"WebPage","@id":"https:\/\/netlabel.pl\/nasi-pisarze\/","url":"https:\/\/netlabel.pl\/nasi-pisarze\/","name":"Nasi pisarze - Gacie Poland","isPartOf":{"@id":"https:\/\/netlabel.pl\/#website"},"datePublished":"2025-02-26T12:52:17+00:00","dateModified":"2025-02-26T12:52:21+00:00","description":"Poznaj autor\u00f3w, kt\u00f3rzy dziel\u0105 si\u0119 wiedz\u0105 o modzie, trendach i inspiracjach, by pom\u00f3c Ci tworzy\u0107 wyj\u0105tkowe stylizacje!","breadcrumb":{"@id":"https:\/\/netlabel.pl\/nasi-pisarze\/#breadcrumb"},"inLanguage":"ro-RO","potentialAction":[{"@type":"ReadAction","target":["https:\/\/netlabel.pl\/nasi-pisarze\/"]}]},{"@type":"BreadcrumbList","@id":"https:\/\/netlabel.pl\/nasi-pisarze\/#breadcrumb","itemListElement":[{"@type":"ListItem","position":1,"name":"Home","item":"https:\/\/netlabel.pl\/"},{"@type":"ListItem","position":2,"name":"Nasi pisarze"}]},{"@type":"WebSite","@id":"https:\/\/netlabel.pl\/#website","url":"https:\/\/netlabel.pl\/","name":"Gacie Poland","description":"Wilcze gacie \u2013 styl i wygoda ka\u017cdego dnia!","potentialAction":[{"@type":"SearchAction","target":{"@type":"EntryPoint","urlTemplate":"https:\/\/netlabel.pl\/?s={search_term_string}"},"query-input":"required name=search_term_string"}],"inLanguage":"ro-RO"}]}},"yoast_meta":{"yoast_wpseo_title":"","yoast_wpseo_metadesc":"","yoast_wpseo_canonical":"https:\/\/netlabel.pl\/ro\/wp-json\/wp\/v2\/pages\/434"},"_links":{"self":[{"href":"https:\/\/netlabel.pl\/ro\/wp-json\/wp\/v2\/pages\/434","targetHints":{"allow":["GET"]}}],"collection":[{"href":"https:\/\/netlabel.pl\/ro\/wp-json\/wp\/v2\/pages"}],"about":[{"href":"https:\/\/netlabel.pl\/ro\/wp-json\/wp\/v2\/types\/page"}],"author":[{"embeddable":true,"href":"https:\/\/netlabel.pl\/ro\/wp-json\/wp\/v2\/users\/1"}],"replies":[{"embeddable":true,"href":"https:\/\/netlabel.pl\/ro\/wp-json\/wp\/v2\/comments?post=434"}],"version-history":[{"count":1,"href":"https:\/\/netlabel.pl\/ro\/wp-json\/wp\/v2\/pages\/434\/revisions"}],"predecessor-version":[{"id":436,"href":"https:\/\/netlabel.pl\/ro\/wp-json\/wp\/v2\/pages\/434\/revisions\/436"}],"wp:attachment":[{"href":"https:\/\/netlabel.pl\/ro\/wp-json\/wp\/v2\/media?parent=434"}],"curies":[{"name":"wp","href":"https:\/\/api.w.org\/{rel}","templated":true}]}}